{"id":362,"date":"2026-01-21T10:26:10","date_gmt":"2026-01-21T10:26:10","guid":{"rendered":"https:\/\/visionetlentilles.fr\/?page_id=362"},"modified":"2026-01-21T10:26:11","modified_gmt":"2026-01-21T10:26:11","slug":"mentions-legales","status":"publish","type":"page","link":"https:\/\/visionetlentilles.fr\/index.php\/mentions-legales\/","title":{"rendered":"Mentions l\u00e9gales"},"content":{"rendered":"\n<div style=\"height:24px\" aria-hidden=\"true\" class=\"wp-block-spacer\"><\/div>\n\n\n\n<h5 class=\"wp-block-heading\"><strong>1. \u00c9diteur du site<\/strong><\/h5>\n\n\n\n<p>Le pr\u00e9sent site est \u00e9dit\u00e9 par :<\/p>\n\n\n\n<p><strong>Nom et pr\u00e9nom<\/strong> : BESOGNET Aliz\u00e9e<br><strong>Forme juridique<\/strong> : Entreprise individuelle (EI)<br><strong>Nom commercial<\/strong> : vision et lentilles<br><strong>Num\u00e9ro SIRET<\/strong> : 99348636400017<br><strong>Immatriculation<\/strong> : Immatriculation : Inscrit au Registre National des Entreprises (RNE) \u2013 non immatricul\u00e9 au RCS ni au RM<br><strong>Adresse<\/strong> : 649 AVENUE de Laouadie 40600 Biscarrosse FRANCE<br><strong>Email<\/strong> : contact@visionetlentilles.fr<br><strong>T\u00e9l\u00e9phone<\/strong> : +33620792818<\/p>\n\n\n\n<hr class=\"wp-block-separator has-alpha-channel-opacity\"\/>\n\n\n\n<h5 class=\"wp-block-heading\">2. Responsable de la publication<\/h5>\n\n\n\n<p>Le responsable de la publication est : BESOGNET Aliz\u00e9e, entrepreneur individuel exer\u00e7ant sous le nom vision et lentilles.<br><\/p>\n\n\n\n<hr class=\"wp-block-separator has-alpha-channel-opacity\"\/>\n\n\n\n<h5 class=\"wp-block-heading\">3. H\u00e9bergement du site<\/h5>\n\n\n\n<p>Le site est h\u00e9berg\u00e9 par :<\/p>\n\n\n\n<p><strong>Nom de l\u2019h\u00e9bergeur<\/strong> : OVH SAS<br><strong>Adresse<\/strong> : 2 rue Kellermann &#8211; 59100 Roubaix &#8211; France<br><strong>T\u00e9l\u00e9phone<\/strong> : 1007 (service client)<\/p>\n\n\n\n<hr class=\"wp-block-separator has-alpha-channel-opacity\"\/>\n\n\n\n<h5 class=\"wp-block-heading\">4. Propri\u00e9t\u00e9 intellectuelle<\/h5>\n\n\n\n<p>L\u2019ensemble des contenus pr\u00e9sents sur ce site (textes, images, graphismes, logo, ic\u00f4nes, sons, logiciels, etc.) est la propri\u00e9t\u00e9 exclusive de <strong>vision et lentilles<\/strong>, sauf mentions contraires.<\/p>\n\n\n\n<p>Toute reproduction, repr\u00e9sentation, modification, publication ou adaptation, totale ou partielle, des \u00e9l\u00e9ments du site, quel que soit le moyen ou le proc\u00e9d\u00e9 utilis\u00e9, est interdite sans l\u2019autorisation \u00e9crite pr\u00e9alable de l\u2019\u00e9diteur.<\/p>\n\n\n\n<hr class=\"wp-block-separator has-alpha-channel-opacity\"\/>\n\n\n\n<h5 class=\"wp-block-heading\">5. Responsabilit\u00e9<\/h5>\n\n\n\n<p>L\u2019\u00e9diteur du site s\u2019efforce de fournir des informations aussi pr\u00e9cises que possible. Toutefois, il ne saurait \u00eatre tenu responsable des omissions, des inexactitudes ou des carences dans la mise \u00e0 jour.<\/p>\n\n\n\n<p>L\u2019utilisateur du site reconna\u00eet utiliser ces informations sous sa responsabilit\u00e9 exclusive.<\/p>\n\n\n\n<hr class=\"wp-block-separator has-alpha-channel-opacity\"\/>\n\n\n\n<h5 class=\"wp-block-heading\">6. Donn\u00e9es personnelles<\/h5>\n\n\n\n<p>Ce site peut collecter des donn\u00e9es personnelles via les formulaires de contact.<\/p>\n\n\n\n<p>Conform\u00e9ment au R\u00e8glement G\u00e9n\u00e9ral sur la Protection des Donn\u00e9es (RGPD), l\u2019utilisateur dispose d\u2019un droit d\u2019acc\u00e8s, de rectification et de suppression des donn\u00e9es le concernant, qu\u2019il peut exercer en adressant une demande \u00e0 :<br>\ud83d\udce7 <strong>contact@visionetlentilles.fr<\/strong><\/p>\n\n\n\n<p>Aucune donn\u00e9e personnelle n\u2019est c\u00e9d\u00e9e \u00e0 des tiers sans consentement.<\/p>\n\n\n\n<hr class=\"wp-block-separator has-alpha-channel-opacity\"\/>\n\n\n\n<h5 class=\"wp-block-heading\">7. Cookies<\/h5>\n\n\n\n<p>Le site peut utiliser des cookies afin d\u2019am\u00e9liorer l\u2019exp\u00e9rience utilisateur et r\u00e9aliser des statistiques de visite.<\/p>\n\n\n\n<p>L\u2019utilisateur peut configurer son navigateur pour refuser les cookies.<\/p>\n\n\n\n<div style=\"height:58px\" aria-hidden=\"true\" class=\"wp-block-spacer\"><\/div>\n","protected":false},"excerpt":{"rendered":"<p>1. \u00c9diteur du site Le pr\u00e9sent site est \u00e9dit\u00e9 par : Nom et pr\u00e9nom : BESOGNET Aliz\u00e9eForme juridique : Entreprise individuelle (EI)Nom commercial : vision et lentillesNum\u00e9ro SIRET : 99348636400017Immatriculation : Immatriculation : Inscrit au Registre National des Entreprises (RNE) \u2013 non immatricul\u00e9 au RCS ni au RMAdresse : 649 [&hellip;]<\/p>\n","protected":false},"author":1,"featured_media":0,"parent":0,"menu_order":0,"comment_status":"closed","ping_status":"closed","template":"","meta":{"footnotes":""},"class_list":["post-362","page","type-page","status-publish","hentry"],"_links":{"self":[{"href":"https:\/\/visionetlentilles.fr\/index.php\/wp-json\/wp\/v2\/pages\/362","targetHints":{"allow":["GET"]}}],"collection":[{"href":"https:\/\/visionetlentilles.fr\/index.php\/wp-json\/wp\/v2\/pages"}],"about":[{"href":"https:\/\/visionetlentilles.fr\/index.php\/wp-json\/wp\/v2\/types\/page"}],"author":[{"embeddable":true,"href":"https:\/\/visionetlentilles.fr\/index.php\/wp-json\/wp\/v2\/users\/1"}],"replies":[{"embeddable":true,"href":"https:\/\/visionetlentilles.fr\/index.php\/wp-json\/wp\/v2\/comments?post=362"}],"version-history":[{"count":7,"href":"https:\/\/visionetlentilles.fr\/index.php\/wp-json\/wp\/v2\/pages\/362\/revisions"}],"predecessor-version":[{"id":369,"href":"https:\/\/visionetlentilles.fr\/index.php\/wp-json\/wp\/v2\/pages\/362\/revisions\/369"}],"wp:attachment":[{"href":"https:\/\/visionetlentilles.fr\/index.php\/wp-json\/wp\/v2\/media?parent=362"}],"curies":[{"name":"wp","href":"https:\/\/api.w.org\/{rel}","templated":true}]}}