{"id":135,"date":"2025-11-10T18:03:56","date_gmt":"2025-11-10T18:03:56","guid":{"rendered":"https:\/\/visionetlentilles.fr\/?page_id=135"},"modified":"2026-03-19T11:07:33","modified_gmt":"2026-03-19T11:07:33","slug":"contact","status":"publish","type":"page","link":"https:\/\/visionetlentilles.fr\/index.php\/contact\/","title":{"rendered":"Contact"},"content":{"rendered":"\n<div style=\"height:45px\" aria-hidden=\"true\" class=\"wp-block-spacer\"><\/div>\n\n\n\n<p>Vous avez une question sur les prestations propos\u00e9es ou souhaitez prendre rendez-vous ?<\/p>\n\n\n\n<p>N\u2019h\u00e9sitez pas \u00e0 me contacter par <strong>t\u00e9l\u00e9phone, SMS ou email.<\/strong><\/p>\n\n\n\n<div class=\"wp-block-group\"><div class=\"wp-block-group__inner-container is-layout-constrained wp-block-group-is-layout-constrained\">\n<div class=\"wp-block-columns are-vertically-aligned-center is-layout-flex wp-container-core-columns-is-layout-28f84493 wp-block-columns-is-layout-flex\">\n<div class=\"wp-block-column is-layout-flow wp-block-column-is-layout-flow\"><\/div>\n\n\n\n<div class=\"wp-block-column is-layout-flow wp-block-column-is-layout-flow\"><\/div>\n<\/div>\n\n\n\n<div class=\"wp-block-group\"><div class=\"wp-block-group__inner-container is-layout-constrained wp-block-group-is-layout-constrained\">\n<div class=\"wp-block-columns are-vertically-aligned-center is-layout-flex wp-container-core-columns-is-layout-28f84493 wp-block-columns-is-layout-flex\">\n<div class=\"wp-block-column is-vertically-aligned-center is-layout-flow wp-block-column-is-layout-flow\" style=\"flex-basis:66.66%\">\n<p class=\"has-text-align-left\">\ud83d\udcde <strong>T\u00e9l\u00e9phone :<\/strong> <a href=\"tel:+33620792818\">06 20 79 28 18<\/a><\/p>\n<\/div>\n<\/div>\n\n\n\n<div class=\"wp-block-group\"><div class=\"wp-block-group__inner-container is-layout-constrained wp-block-group-is-layout-constrained\">\n<div class=\"wp-block-group\"><div class=\"wp-block-group__inner-container is-layout-constrained wp-block-group-is-layout-constrained\">\n<div class=\"wp-block-columns is-layout-flex wp-container-core-columns-is-layout-28f84493 wp-block-columns-is-layout-flex\">\n<div class=\"wp-block-column is-vertically-aligned-top is-layout-flow wp-block-column-is-layout-flow\" style=\"flex-basis:66.66%\">\n<p>\u2709\ufe0f <strong>Email<\/strong> : <a href=\"mailto:contact@visionetlentilles.fr\">contact@visionetlentilles.fr<\/a><\/p>\n<\/div>\n<\/div>\n<\/div><\/div>\n<\/div><\/div>\n\n\n\n<div class=\"wp-block-columns are-vertically-aligned-center is-layout-flex wp-container-core-columns-is-layout-28f84493 wp-block-columns-is-layout-flex\">\n<div class=\"wp-block-column is-vertically-aligned-center is-layout-flow wp-block-column-is-layout-flow\" style=\"flex-basis:66.66%\">\n<p>\ud83d\udccd <strong>Adresse<\/strong> : 649 Avenue de Laouadie, 40600 Biscarrosse, au sein du magasin G\u00e9n\u00e9rale d&rsquo;Optique<\/p>\n\n\n\n<p>\ud83d\uddd3 <strong>Horaires<\/strong> : Service disponible les mercredis et vendredis, sur rendez-vous<\/p>\n<\/div>\n<\/div>\n<\/div><\/div>\n<\/div><\/div>\n\n\n\n<div style=\"height:15px\" aria-hidden=\"true\" class=\"wp-block-spacer\"><\/div>\n\n\n\n<p><em>A bient\u00f4t pour prendre soin de votre vision !<\/em><\/p>\n\n\n\n<div style=\"height:40px\" aria-hidden=\"true\" class=\"wp-block-spacer\"><\/div>\n","protected":false},"excerpt":{"rendered":"<p>Vous avez une question sur les prestations propos\u00e9es ou souhaitez prendre rendez-vous ? N\u2019h\u00e9sitez pas \u00e0 me contacter par t\u00e9l\u00e9phone, SMS ou email. \ud83d\udcde T\u00e9l\u00e9phone : 06 20 79 28 18 \u2709\ufe0f Email : contact@visionetlentilles.fr \ud83d\udccd Adresse : 649 Avenue de Laouadie, 40600 Biscarrosse, au sein du magasin G\u00e9n\u00e9rale d&rsquo;Optique [&hellip;]<\/p>\n","protected":false},"author":1,"featured_media":0,"parent":0,"menu_order":0,"comment_status":"closed","ping_status":"closed","template":"","meta":{"footnotes":""},"class_list":["post-135","page","type-page","status-publish","hentry"],"_links":{"self":[{"href":"https:\/\/visionetlentilles.fr\/index.php\/wp-json\/wp\/v2\/pages\/135","targetHints":{"allow":["GET"]}}],"collection":[{"href":"https:\/\/visionetlentilles.fr\/index.php\/wp-json\/wp\/v2\/pages"}],"about":[{"href":"https:\/\/visionetlentilles.fr\/index.php\/wp-json\/wp\/v2\/types\/page"}],"author":[{"embeddable":true,"href":"https:\/\/visionetlentilles.fr\/index.php\/wp-json\/wp\/v2\/users\/1"}],"replies":[{"embeddable":true,"href":"https:\/\/visionetlentilles.fr\/index.php\/wp-json\/wp\/v2\/comments?post=135"}],"version-history":[{"count":24,"href":"https:\/\/visionetlentilles.fr\/index.php\/wp-json\/wp\/v2\/pages\/135\/revisions"}],"predecessor-version":[{"id":438,"href":"https:\/\/visionetlentilles.fr\/index.php\/wp-json\/wp\/v2\/pages\/135\/revisions\/438"}],"wp:attachment":[{"href":"https:\/\/visionetlentilles.fr\/index.php\/wp-json\/wp\/v2\/media?parent=135"}],"curies":[{"name":"wp","href":"https:\/\/api.w.org\/{rel}","templated":true}]}}