{"id":133,"date":"2025-11-10T18:03:56","date_gmt":"2025-11-10T18:03:56","guid":{"rendered":"https:\/\/visionetlentilles.fr\/?page_id=133"},"modified":"2026-03-19T10:37:48","modified_gmt":"2026-03-19T10:37:48","slug":"prestations","status":"publish","type":"page","link":"https:\/\/visionetlentilles.fr\/index.php\/prestations\/","title":{"rendered":"Prestations"},"content":{"rendered":"\n<div style=\"height:25px\" aria-hidden=\"true\" class=\"wp-block-spacer\"><\/div>\n\n\n\n<p>Je vous accompagne pour que vos lentilles soient <strong>confortables, adapt\u00e9es \u00e0 vos yeux et \u00e0 votre mode de vie<\/strong>. Chaque \u00e9tape est personnalis\u00e9e pour r\u00e9pondre \u00e0 vos besoins et vous permettre de porter vos lentilles en toute s\u00e9curit\u00e9.<\/p>\n\n\n\n<hr class=\"wp-block-separator has-alpha-channel-opacity\"\/>\n\n\n\n<h2 class=\"wp-block-heading has-text-align-left\">L&rsquo;adaptation en lentilles<\/h2>\n\n\n\n<p class=\"has-text-align-left\"><em>Sur d\u00e9l\u00e9gation de votre ophtalmologiste<\/em><\/p>\n\n\n\n<div class=\"wp-block-group\"><div class=\"wp-block-group__inner-container is-layout-constrained wp-block-group-is-layout-constrained\">\n<div class=\"wp-block-columns is-layout-flex wp-container-core-columns-is-layout-28f84493 wp-block-columns-is-layout-flex\">\n<div class=\"wp-block-column is-vertically-aligned-center is-layout-flow wp-block-column-is-layout-flow\">\n<h3 class=\"wp-block-heading\">Premier rendez-vous<\/h3>\n\n\n\n<p>Le <strong>premier rendez-vous<\/strong> est un moment d\u2019\u00e9change et d\u2019\u00e9valuation. Il comprend :<\/p>\n\n\n\n<ul class=\"wp-block-list\">\n<li>des tests de vue pr\u00e9cis,<\/li>\n\n\n\n<li>l\u2019observation de votre surface oculaire et de vos larmes,<\/li>\n\n\n\n<li>l\u2019\u00e9tude de vos besoins visuels et de votre mode de vie.<\/li>\n<\/ul>\n\n\n\n<div style=\"height:1px\" aria-hidden=\"true\" class=\"wp-block-spacer\"><\/div>\n\n\n\n<p>\u00c0 la fin de ce rendez-vous, un <strong>devis d\u00e9taill\u00e9<\/strong> vous sera remis, correspondant au forfait d\u2019adaptation le plus adapt\u00e9 \u00e0 votre situation.<\/p>\n<\/div>\n\n\n\n<div class=\"wp-block-column is-layout-flow wp-block-column-is-layout-flow\"><div class=\"wp-block-image\">\n<figure class=\"alignleft size-large\"><img loading=\"lazy\" decoding=\"async\" width=\"1705\" height=\"2560\" src=\"https:\/\/visionetlentilles.fr\/wp-content\/uploads\/2026\/02\/2-edited-scaled.jpg\" alt=\"\" class=\"wp-image-403\" srcset=\"https:\/\/visionetlentilles.fr\/wp-content\/uploads\/2026\/02\/2-edited-scaled.jpg 1705w, https:\/\/visionetlentilles.fr\/wp-content\/uploads\/2026\/02\/2-edited-200x300.jpg 200w, https:\/\/visionetlentilles.fr\/wp-content\/uploads\/2026\/02\/2-edited-682x1024.jpg 682w, https:\/\/visionetlentilles.fr\/wp-content\/uploads\/2026\/02\/2-edited-768x1153.jpg 768w, https:\/\/visionetlentilles.fr\/wp-content\/uploads\/2026\/02\/2-edited-1023x1536.jpg 1023w, https:\/\/visionetlentilles.fr\/wp-content\/uploads\/2026\/02\/2-edited-1364x2048.jpg 1364w\" sizes=\"auto, (max-width: 1705px) 100vw, 1705px\" \/><\/figure>\n<\/div><\/div>\n<\/div>\n<\/div><\/div>\n\n\n\n<div style=\"height:8px\" aria-hidden=\"true\" class=\"wp-block-spacer\"><\/div>\n\n\n\n<h3 class=\"wp-block-heading\">D\u00e9roulement de l\u2019adaptation<\/h3>\n\n\n\n<p>L\u2019adaptation se fait <strong>pas \u00e0 pas<\/strong>, avec un forfait de plusieurs rendez-vous (3 \u00e0 6 selon le type de lentilles) pour :<\/p>\n\n\n\n<ul class=\"wp-block-list\">\n<li>v\u00e9rifier votre confort visuelle et la bonne tol\u00e9rance des lentilles,<\/li>\n\n\n\n<li>ajuster les param\u00e8tres si n\u00e9cessaire,<\/li>\n\n\n\n<li>vous apprendre \u00e0 manipuler, porter, renouveler et entretenir vos lentilles en toute confiance.<\/li>\n<\/ul>\n\n\n\n<p>Mon objectif : que vous repartiez avec vos lentilles <strong>en toute s\u00e9curit\u00e9 et s\u00e9r\u00e9nit\u00e9<\/strong>, et que vous sachiez exactement comment les utiliser au quotidien.<\/p>\n\n\n\n<h3 class=\"wp-block-heading\">Pour les porteurs souhaitant optimiser leur \u00e9quipement<\/h3>\n\n\n\n<p>Si vous portez d\u00e9j\u00e0 des lentilles et souhaitez <strong>am\u00e9liorer votre confort visuel<\/strong>, je vous propose un <strong>rendez-vous d\u00e9di\u00e9<\/strong> afin d\u2019identifier les solutions les mieux adapt\u00e9es \u00e0 vos yeux et \u00e0 votre style de vie.<\/p>\n\n\n\n<blockquote class=\"wp-block-quote is-layout-flow wp-block-quote-is-layout-flow\">\n<p>Vous avez des questions, souhaitez d\u00e9buter votre adaptation ou revoir votre confort visuel ? Je vous invite \u00e0 consulter la page <a href=\"\/index.php\/contact\/\">Contact<\/a> pour prendre rendez-vous.<\/p>\n<\/blockquote>\n\n\n\n<hr class=\"wp-block-separator has-alpha-channel-opacity\"\/>\n\n\n\n<h2 class=\"wp-block-heading\">Tarifs<\/h2>\n\n\n\n<ul class=\"wp-block-list\">\n<li><strong>Premier RDV<\/strong> :\n<ul class=\"wp-block-list\">\n<li>Premier RDV pr\u00e9alable \u00e0 l&rsquo;adaptation en lentilles : 50 \u20ac<\/li>\n<\/ul>\n<\/li>\n<\/ul>\n\n\n\n<ul class=\"wp-block-list\">\n<li><strong>Forfaits adaptation :<\/strong>\n<ul class=\"wp-block-list\">\n<li>Lentilles souples hyperm\u00e9tropie \/ myopie simple : 90 \u20ac<\/li>\n\n\n\n<li>Lentilles souples astigmatisme : 110 \u20ac<\/li>\n\n\n\n<li>Lentilles souples presbytie \/ myopie \u00e9volutive : 130 \u20ac<\/li>\n\n\n\n<li>Lentilles rigides classiques : 180 \u20ac<\/li>\n\n\n\n<li>Lentilles complexes (corn\u00e9es irr\u00e9guli\u00e8res, k\u00e9ratoc\u00f4nes) : 200 \u20ac<\/li>\n<\/ul>\n<\/li>\n<\/ul>\n\n\n\n<ul class=\"wp-block-list\">\n<li><strong>Autres prestations :<\/strong>\n<ul class=\"wp-block-list\">\n<li>RDV optimisation \u00e9quipement lentilles : 50 \u20ac<\/li>\n\n\n\n<li>RDV apprentissage manipulation lentilles &#8211; prestation seule (destin\u00e9 aux patients disposant d\u2019une ordonnance avec l\u2019ensemble des param\u00e8tres lentilles, sans n\u00e9cessit\u00e9 d\u2019adaptation) : 30 \u20ac<\/li>\n<\/ul>\n<\/li>\n<\/ul>\n\n\n\n<p>\ud83d\udcb3 <strong>Moyens de paiement accept\u00e9s :<\/strong> esp\u00e8ces et ch\u00e8que.<\/p>\n\n\n\n<div style=\"height:8px\" aria-hidden=\"true\" class=\"wp-block-spacer\"><\/div>\n\n\n\n<p><em>Les prestations propos\u00e9es ne remplacent pas un suivi chez votre ophtalmologiste.<\/em><\/p>\n\n\n\n<div style=\"height:8px\" aria-hidden=\"true\" class=\"wp-block-spacer\"><\/div>\n\n\n\n<p class=\"has-text-align-left\"><a href=\"\/index.php\/contact\/\">\u27a4 Organiser mon rendez\u2011vous \ud83d\udc41\ufe0f<\/a><\/p>\n\n\n\n<div style=\"height:28px\" aria-hidden=\"true\" class=\"wp-block-spacer\"><\/div>\n","protected":false},"excerpt":{"rendered":"<p>Je vous accompagne pour que vos lentilles soient confortables, adapt\u00e9es \u00e0 vos yeux et \u00e0 votre mode de vie. Chaque \u00e9tape est personnalis\u00e9e pour r\u00e9pondre \u00e0 vos besoins et vous permettre de porter vos lentilles en toute s\u00e9curit\u00e9. L&rsquo;adaptation en lentilles Sur d\u00e9l\u00e9gation de votre ophtalmologiste Premier rendez-vous Le premier [&hellip;]<\/p>\n","protected":false},"author":1,"featured_media":0,"parent":0,"menu_order":0,"comment_status":"closed","ping_status":"closed","template":"","meta":{"footnotes":""},"class_list":["post-133","page","type-page","status-publish","hentry"],"_links":{"self":[{"href":"https:\/\/visionetlentilles.fr\/index.php\/wp-json\/wp\/v2\/pages\/133","targetHints":{"allow":["GET"]}}],"collection":[{"href":"https:\/\/visionetlentilles.fr\/index.php\/wp-json\/wp\/v2\/pages"}],"about":[{"href":"https:\/\/visionetlentilles.fr\/index.php\/wp-json\/wp\/v2\/types\/page"}],"author":[{"embeddable":true,"href":"https:\/\/visionetlentilles.fr\/index.php\/wp-json\/wp\/v2\/users\/1"}],"replies":[{"embeddable":true,"href":"https:\/\/visionetlentilles.fr\/index.php\/wp-json\/wp\/v2\/comments?post=133"}],"version-history":[{"count":30,"href":"https:\/\/visionetlentilles.fr\/index.php\/wp-json\/wp\/v2\/pages\/133\/revisions"}],"predecessor-version":[{"id":431,"href":"https:\/\/visionetlentilles.fr\/index.php\/wp-json\/wp\/v2\/pages\/133\/revisions\/431"}],"wp:attachment":[{"href":"https:\/\/visionetlentilles.fr\/index.php\/wp-json\/wp\/v2\/media?parent=133"}],"curies":[{"name":"wp","href":"https:\/\/api.w.org\/{rel}","templated":true}]}}