{"id":128,"date":"2025-11-05T15:45:51","date_gmt":"2025-11-05T15:45:51","guid":{"rendered":"https:\/\/visionetlentilles.fr\/index.php\/accueil\/"},"modified":"2026-03-19T10:48:30","modified_gmt":"2026-03-19T10:48:30","slug":"accueil","status":"publish","type":"page","link":"https:\/\/visionetlentilles.fr\/","title":{"rendered":"Pr\u00e9sentation"},"content":{"rendered":"\n<div style=\"height:26px\" aria-hidden=\"true\" class=\"wp-block-spacer\"><\/div>\n\n\n\n<div class=\"wp-block-group\"><div class=\"wp-block-group__inner-container is-layout-constrained wp-block-group-is-layout-constrained\">\n<blockquote class=\"wp-block-quote is-layout-flow wp-block-quote-is-layout-flow\">\n<h2 class=\"wp-block-heading\">Un service sp\u00e9cialis\u00e9 en lentilles de contact \u00e0 Biscarrosse<\/h2>\n<\/blockquote>\n<\/div><\/div>\n\n\n\n<div class=\"wp-block-columns alignwide are-vertically-aligned-center is-layout-flex wp-container-core-columns-is-layout-28f84493 wp-block-columns-is-layout-flex\">\n<div class=\"wp-block-column is-vertically-aligned-center is-layout-flow wp-block-column-is-layout-flow\" style=\"flex-basis:100%\">\n<div class=\"wp-block-group is-nowrap is-layout-flex wp-container-core-group-is-layout-6c531013 wp-block-group-is-layout-flex\">\n<div class=\"wp-block-media-text has-media-on-the-right is-stacked-on-mobile\" style=\"grid-template-columns:auto 46%\"><div class=\"wp-block-media-text__content\">\n<div style=\"height:30px\" aria-hidden=\"true\" class=\"wp-block-spacer\"><\/div>\n\n\n\n<p>Les lentilles de contact peuvent r\u00e9pondre \u00e0 de nombreux besoins visuels. Parce que chaque \u0153il est unique, leur adaptation m\u00e9rite un accompagnement s\u00e9rieux et personnalis\u00e9 pour garantir un port <strong>satisfaisant et s\u00e9curitaire<\/strong>.<\/p>\n\n\n\n<hr class=\"wp-block-separator has-alpha-channel-opacity\"\/>\n\n\n\n<p><strong>Vision &amp; Lentilles<\/strong>, situ\u00e9 \u00e0 Biscarrosse dans les Landes, est un espace enti\u00e8rement d\u00e9di\u00e9 \u00e0 l\u2019expertise en lentilles de contact.<br>J\u2019accompagne les porteurs \u2013 d\u00e9butants comme exp\u00e9riment\u00e9s \u2013 dans <strong>l\u2019adaptation, la r\u00e9adaptation ou l\u2019optimisation de leurs lentilles<\/strong>, avec une approche rigoureuse et personnalis\u00e9e, dans le cadre d\u2019une prescription m\u00e9dicale et en \u00e9troite collaboration avec leur ophtalmologiste.<\/p>\n<\/div><figure class=\"wp-block-media-text__media\"><img loading=\"lazy\" decoding=\"async\" width=\"1024\" height=\"691\" src=\"https:\/\/visionetlentilles.fr\/wp-content\/uploads\/2025\/11\/cropped-pexels-n-voitkevich-5843354-scaled-4-1024x691.jpg\" alt=\"\" class=\"wp-image-161 size-full\" srcset=\"https:\/\/visionetlentilles.fr\/wp-content\/uploads\/2025\/11\/cropped-pexels-n-voitkevich-5843354-scaled-4-1024x691.jpg 1024w, https:\/\/visionetlentilles.fr\/wp-content\/uploads\/2025\/11\/cropped-pexels-n-voitkevich-5843354-scaled-4-300x203.jpg 300w, https:\/\/visionetlentilles.fr\/wp-content\/uploads\/2025\/11\/cropped-pexels-n-voitkevich-5843354-scaled-4-768x519.jpg 768w, https:\/\/visionetlentilles.fr\/wp-content\/uploads\/2025\/11\/cropped-pexels-n-voitkevich-5843354-scaled-4.jpg 1099w\" sizes=\"auto, (max-width: 1024px) 100vw, 1024px\" \/><\/figure><\/div>\n<\/div>\n<\/div>\n<\/div>\n\n\n\n<blockquote class=\"wp-block-quote is-layout-flow wp-block-quote-is-layout-flow\">\n<h2 class=\"wp-block-heading\">Qui suis-je?<\/h2>\n<\/blockquote>\n\n\n\n<div style=\"height:26px\" aria-hidden=\"true\" class=\"wp-block-spacer\"><\/div>\n\n\n\n<div class=\"wp-block-media-text alignwide is-stacked-on-mobile is-vertically-aligned-center\" style=\"grid-template-columns:41% auto\"><figure class=\"wp-block-media-text__media\"><img loading=\"lazy\" decoding=\"async\" width=\"790\" height=\"1024\" src=\"https:\/\/visionetlentilles.fr\/wp-content\/uploads\/2026\/01\/5-recadree-1-790x1024.jpg\" alt=\"\" class=\"wp-image-379 size-full\" srcset=\"https:\/\/visionetlentilles.fr\/wp-content\/uploads\/2026\/01\/5-recadree-1-790x1024.jpg 790w, https:\/\/visionetlentilles.fr\/wp-content\/uploads\/2026\/01\/5-recadree-1-231x300.jpg 231w, https:\/\/visionetlentilles.fr\/wp-content\/uploads\/2026\/01\/5-recadree-1-768x996.jpg 768w, https:\/\/visionetlentilles.fr\/wp-content\/uploads\/2026\/01\/5-recadree-1-1185x1536.jpg 1185w, https:\/\/visionetlentilles.fr\/wp-content\/uploads\/2026\/01\/5-recadree-1-1580x2048.jpg 1580w, https:\/\/visionetlentilles.fr\/wp-content\/uploads\/2026\/01\/5-recadree-1-scaled.jpg 1975w\" sizes=\"auto, (max-width: 790px) 100vw, 790px\" \/><\/figure><div class=\"wp-block-media-text__content\">\n<div style=\"height:18px\" aria-hidden=\"true\" class=\"wp-block-spacer\"><\/div>\n\n\n\n<p>Aliz\u00e9e BESOGNET, titulaire du BTS Opticien-Lunetier et du Titre d\u2019Expert en Sciences de la Vision, <strong>formation approfondie en optom\u00e9trie et en contactologie<\/strong>.<\/p>\n\n\n\n<hr class=\"wp-block-separator has-alpha-channel-opacity\"\/>\n\n\n\n<p>Mon parcours en magasin d&rsquo;optique, puis en cabinet d&rsquo;ophtalmologie m&rsquo;a permis d&rsquo;acqu\u00e9rir une <strong>solide exp\u00e9rience<\/strong> dans le domaine de la vision.<\/p>\n\n\n\n<hr class=\"wp-block-separator has-alpha-channel-opacity\"\/>\n\n\n\n<p>Aujourd&rsquo;hui, \u00e0 travers Vision &amp; Lentilles, je mets mon expertise au service des porteurs de lentilles de contact et propose un accompagnement <strong>personnalis\u00e9 et de qualit\u00e9.<\/strong><\/p>\n<\/div><\/div>\n\n\n\n<div style=\"height:40px\" aria-hidden=\"true\" class=\"wp-block-spacer\"><\/div>\n\n\n\n<p><\/p>\n","protected":false},"excerpt":{"rendered":"<p>Un service sp\u00e9cialis\u00e9 en lentilles de contact \u00e0 Biscarrosse Les lentilles de contact peuvent r\u00e9pondre \u00e0 de nombreux besoins visuels. Parce que chaque \u0153il est unique, leur adaptation m\u00e9rite un accompagnement s\u00e9rieux et personnalis\u00e9 pour garantir un port satisfaisant et s\u00e9curitaire. Vision &amp; Lentilles, situ\u00e9 \u00e0 Biscarrosse dans les Landes, [&hellip;]<\/p>\n","protected":false},"author":1,"featured_media":0,"parent":0,"menu_order":0,"comment_status":"closed","ping_status":"closed","template":"","meta":{"footnotes":""},"class_list":["post-128","page","type-page","status-publish","hentry"],"_links":{"self":[{"href":"https:\/\/visionetlentilles.fr\/index.php\/wp-json\/wp\/v2\/pages\/128","targetHints":{"allow":["GET"]}}],"collection":[{"href":"https:\/\/visionetlentilles.fr\/index.php\/wp-json\/wp\/v2\/pages"}],"about":[{"href":"https:\/\/visionetlentilles.fr\/index.php\/wp-json\/wp\/v2\/types\/page"}],"author":[{"embeddable":true,"href":"https:\/\/visionetlentilles.fr\/index.php\/wp-json\/wp\/v2\/users\/1"}],"replies":[{"embeddable":true,"href":"https:\/\/visionetlentilles.fr\/index.php\/wp-json\/wp\/v2\/comments?post=128"}],"version-history":[{"count":48,"href":"https:\/\/visionetlentilles.fr\/index.php\/wp-json\/wp\/v2\/pages\/128\/revisions"}],"predecessor-version":[{"id":432,"href":"https:\/\/visionetlentilles.fr\/index.php\/wp-json\/wp\/v2\/pages\/128\/revisions\/432"}],"wp:attachment":[{"href":"https:\/\/visionetlentilles.fr\/index.php\/wp-json\/wp\/v2\/media?parent=128"}],"curies":[{"name":"wp","href":"https:\/\/api.w.org\/{rel}","templated":true}]}}